{"id":4250,"date":"2025-12-03T09:39:55","date_gmt":"2025-12-03T08:39:55","guid":{"rendered":"http:\/\/www.etourism-students.com\/Iscontour\/?page_id=4250"},"modified":"2025-12-03T10:05:28","modified_gmt":"2025-12-03T09:05:28","slug":"official-announcement-cancellation-of-iscontour-2026","status":"publish","type":"page","link":"http:\/\/www.etourism-students.com\/Iscontour\/official-announcement-cancellation-of-iscontour-2026\/","title":{"rendered":"Official announcement: Cancellation of ISCONTOUR 2026"},"content":{"rendered":"\n<p>Liebe Teilnehmer*innen, liebe Mitwirkende,<\/p>\n\n\n\n<p>leider m\u00fcssen wir Ihnen mitteilen, dass die <strong>ISCONTOUR 2026 aufgrund eines unerwarteten Ausfalls bzw. krankheitsbedingter Umst\u00e4nde nicht stattfinden kann<\/strong>.<\/p>\n\n\n\n<p>Diese Entscheidung ist uns nicht leicht gefallen, jedoch lassen die aktuellen Rahmenbedingungen eine Durchf\u00fchrung der Konferenz im kommenden Jahr nicht zu.<\/p>\n\n\n\n<p>Wir hoffen sehr, dass die ISCONTOUR 2027 wieder wie gewohnt stattfinden kann und wir Sie dort begr\u00fc\u00dfen d\u00fcrfen.<\/p>\n\n\n\n<p>\u00dcber alle weiteren Entwicklungen und Informationen halten wir Sie selbstverst\u00e4ndlich auf dem Laufenden.<\/p>\n\n\n\n<p>Vielen Dank f\u00fcr Ihr Verst\u00e4ndnis.<\/p>\n\n\n\n<p>Mit freundlichen Gr\u00fc\u00dfen<br><strong>Das ISCONTOUR-Organisationsteam<\/strong><\/p>\n\n\n\n<p><strong>__________________________________________________________<\/strong><\/p>\n\n\n\n<p>Dear participants and contributors,<\/p>\n\n\n\n<p>We regret to inform you that <strong>ISCONTOUR 2026 cannot take place due to unexpected circumstances and illness<\/strong>.<\/p>\n\n\n\n<p>This decision was not easy for us to make, but the current conditions do not allow the conference to be held next year.<\/p>\n\n\n\n<p>We very much hope that ISCONTOUR 2027 will be able to take place as usual and that we will be able to welcome you there.<\/p>\n\n\n\n<p>We will, of course, keep you informed of any further developments and information.<\/p>\n\n\n\n<p>Thank you for your understanding.<\/p>\n\n\n\n<p>Kind regards,<\/p>\n\n\n\n<p><strong>The ISCONTOUR organization team<\/strong><\/p>\n","protected":false},"excerpt":{"rendered":"<p>Liebe Teilnehmer*innen, liebe Mitwirkende, leider m\u00fcssen wir Ihnen mitteilen, dass die ISCONTOUR 2026 aufgrund eines unerwarteten Ausfalls bzw. krankheitsbedingter Umst\u00e4nde nicht stattfinden kann. Diese Entscheidung ist uns nicht leicht gefallen, jedoch lassen die aktuellen Rahmenbedingungen eine Durchf\u00fchrung der Konferenz im &hellip; <a href=\"http:\/\/www.etourism-students.com\/Iscontour\/official-announcement-cancellation-of-iscontour-2026\/\">Continue reading <span class=\"meta-nav\">&rarr;<\/span><\/a><\/p>\n","protected":false},"author":2,"featured_media":0,"parent":0,"menu_order":0,"comment_status":"closed","ping_status":"closed","template":"","meta":{"footnotes":""},"class_list":["post-4250","page","type-page","status-publish","hentry"],"_links":{"self":[{"href":"http:\/\/www.etourism-students.com\/Iscontour\/wp-json\/wp\/v2\/pages\/4250","targetHints":{"allow":["GET"]}}],"collection":[{"href":"http:\/\/www.etourism-students.com\/Iscontour\/wp-json\/wp\/v2\/pages"}],"about":[{"href":"http:\/\/www.etourism-students.com\/Iscontour\/wp-json\/wp\/v2\/types\/page"}],"author":[{"embeddable":true,"href":"http:\/\/www.etourism-students.com\/Iscontour\/wp-json\/wp\/v2\/users\/2"}],"replies":[{"embeddable":true,"href":"http:\/\/www.etourism-students.com\/Iscontour\/wp-json\/wp\/v2\/comments?post=4250"}],"version-history":[{"count":1,"href":"http:\/\/www.etourism-students.com\/Iscontour\/wp-json\/wp\/v2\/pages\/4250\/revisions"}],"predecessor-version":[{"id":4251,"href":"http:\/\/www.etourism-students.com\/Iscontour\/wp-json\/wp\/v2\/pages\/4250\/revisions\/4251"}],"wp:attachment":[{"href":"http:\/\/www.etourism-students.com\/Iscontour\/wp-json\/wp\/v2\/media?parent=4250"}],"curies":[{"name":"wp","href":"https:\/\/api.w.org\/{rel}","templated":true}]}}